{"id":1222,"date":"2017-06-14T09:44:53","date_gmt":"2017-06-14T13:44:53","guid":{"rendered":"http:\/\/laruca.cl\/2017\/?page_id=1222"},"modified":"2023-06-24T01:07:23","modified_gmt":"2023-06-24T05:07:23","slug":"reportajes","status":"publish","type":"page","link":"https:\/\/laruca.cl\/2026\/reportajes\/","title":{"rendered":"Reportajes"},"content":{"rendered":"\n<figure class=\"wp-block-embed is-type-video is-provider-youtube wp-block-embed-youtube wp-embed-aspect-4-3 wp-has-aspect-ratio\"><div class=\"wp-block-embed__wrapper\">\n<iframe loading=\"lazy\"  id=\"_ytid_65094\"  width=\"654\" height=\"367\"  data-origwidth=\"654\" data-origheight=\"367\" src=\"https:\/\/www.youtube.com\/embed\/MScK0Z89-98?enablejsapi=1&#038;autoplay=0&#038;cc_load_policy=0&#038;cc_lang_pref=&#038;iv_load_policy=1&#038;loop=0&#038;rel=1&#038;fs=1&#038;playsinline=0&#038;autohide=2&#038;theme=dark&#038;color=red&#038;controls=1&#038;disablekb=0&#038;\" class=\"__youtube_prefs__  epyt-is-override  no-lazyload\" title=\"YouTube player\"  allow=\"fullscreen; accelerometer; autoplay; clipboard-write; encrypted-media; gyroscope; picture-in-picture; web-share\" referrerpolicy=\"strict-origin-when-cross-origin\" allowfullscreen data-no-lazy=\"1\" data-skipgform_ajax_framebjll=\"\"><\/iframe>\n<\/div><\/figure>\n\n\n\n<figure class=\"wp-block-embed is-type-video is-provider-youtube wp-block-embed-youtube wp-embed-aspect-4-3 wp-has-aspect-ratio\"><div class=\"wp-block-embed__wrapper\">\n<iframe loading=\"lazy\"  id=\"_ytid_74161\"  width=\"654\" height=\"367\"  data-origwidth=\"654\" data-origheight=\"367\" src=\"https:\/\/www.youtube.com\/embed\/6IOdsPefjGY?enablejsapi=1&#038;autoplay=0&#038;cc_load_policy=0&#038;cc_lang_pref=&#038;iv_load_policy=1&#038;loop=0&#038;rel=1&#038;fs=1&#038;playsinline=0&#038;autohide=2&#038;theme=dark&#038;color=red&#038;controls=1&#038;disablekb=0&#038;\" class=\"__youtube_prefs__  epyt-is-override  no-lazyload\" title=\"YouTube player\"  allow=\"fullscreen; accelerometer; autoplay; clipboard-write; encrypted-media; gyroscope; picture-in-picture; web-share\" referrerpolicy=\"strict-origin-when-cross-origin\" allowfullscreen data-no-lazy=\"1\" data-skipgform_ajax_framebjll=\"\"><\/iframe>\n<\/div><\/figure>\n\n\n\n<figure class=\"wp-block-embed is-type-video is-provider-youtube wp-block-embed-youtube wp-embed-aspect-4-3 wp-has-aspect-ratio\"><div class=\"wp-block-embed__wrapper\">\n<iframe loading=\"lazy\"  id=\"_ytid_23316\"  width=\"654\" height=\"367\"  data-origwidth=\"654\" data-origheight=\"367\" src=\"https:\/\/www.youtube.com\/embed\/c6n9IgQOR4A?enablejsapi=1&#038;autoplay=0&#038;cc_load_policy=0&#038;cc_lang_pref=&#038;iv_load_policy=1&#038;loop=0&#038;rel=1&#038;fs=1&#038;playsinline=0&#038;autohide=2&#038;theme=dark&#038;color=red&#038;controls=1&#038;disablekb=0&#038;\" class=\"__youtube_prefs__  epyt-is-override  no-lazyload\" title=\"YouTube player\"  allow=\"fullscreen; accelerometer; autoplay; clipboard-write; encrypted-media; gyroscope; picture-in-picture; web-share\" referrerpolicy=\"strict-origin-when-cross-origin\" allowfullscreen data-no-lazy=\"1\" data-skipgform_ajax_framebjll=\"\"><\/iframe>\n<\/div><\/figure>\n\n\n\n<figure class=\"wp-block-embed is-type-video is-provider-youtube wp-block-embed-youtube wp-embed-aspect-4-3 wp-has-aspect-ratio\"><div class=\"wp-block-embed__wrapper\">\n<iframe loading=\"lazy\"  id=\"_ytid_74419\"  width=\"654\" height=\"367\"  data-origwidth=\"654\" data-origheight=\"367\" src=\"https:\/\/www.youtube.com\/embed\/EmNv8RJDdDY?enablejsapi=1&#038;autoplay=0&#038;cc_load_policy=0&#038;cc_lang_pref=&#038;iv_load_policy=1&#038;loop=0&#038;rel=1&#038;fs=1&#038;playsinline=0&#038;autohide=2&#038;theme=dark&#038;color=red&#038;controls=1&#038;disablekb=0&#038;\" class=\"__youtube_prefs__  epyt-is-override  no-lazyload\" title=\"YouTube player\"  allow=\"fullscreen; accelerometer; autoplay; clipboard-write; encrypted-media; gyroscope; picture-in-picture; web-share\" referrerpolicy=\"strict-origin-when-cross-origin\" allowfullscreen data-no-lazy=\"1\" data-skipgform_ajax_framebjll=\"\"><\/iframe>\n<\/div><figcaption class=\"wp-element-caption\">CANAL MEGA <\/figcaption><\/figure>\n\n\n\n<figure class=\"wp-block-embed is-type-video is-provider-youtube wp-block-embed-youtube wp-embed-aspect-4-3 wp-has-aspect-ratio\"><div class=\"wp-block-embed__wrapper\">\n<iframe loading=\"lazy\"  id=\"_ytid_11728\"  width=\"654\" height=\"367\"  data-origwidth=\"654\" data-origheight=\"367\" src=\"https:\/\/www.youtube.com\/embed\/jhSuCB4uLeM?enablejsapi=1&#038;autoplay=0&#038;cc_load_policy=0&#038;cc_lang_pref=&#038;iv_load_policy=1&#038;loop=0&#038;rel=1&#038;fs=1&#038;playsinline=0&#038;autohide=2&#038;theme=dark&#038;color=red&#038;controls=1&#038;disablekb=0&#038;\" class=\"__youtube_prefs__  epyt-is-override  no-lazyload\" title=\"YouTube player\"  allow=\"fullscreen; accelerometer; autoplay; clipboard-write; encrypted-media; gyroscope; picture-in-picture; web-share\" referrerpolicy=\"strict-origin-when-cross-origin\" allowfullscreen data-no-lazy=\"1\" data-skipgform_ajax_framebjll=\"\"><\/iframe>\n<\/div><\/figure>\n\n\n\n<figure class=\"wp-block-embed is-type-video is-provider-youtube wp-block-embed-youtube wp-embed-aspect-16-9 wp-has-aspect-ratio\"><div class=\"wp-block-embed__wrapper\">\n<iframe loading=\"lazy\"  id=\"_ytid_94031\"  width=\"654\" height=\"367\"  data-origwidth=\"654\" data-origheight=\"367\" src=\"https:\/\/www.youtube.com\/embed\/jgZtmKq7n8s?enablejsapi=1&#038;autoplay=0&#038;cc_load_policy=0&#038;cc_lang_pref=&#038;iv_load_policy=1&#038;loop=0&#038;rel=1&#038;fs=1&#038;playsinline=0&#038;autohide=2&#038;theme=dark&#038;color=red&#038;controls=1&#038;disablekb=0&#038;\" class=\"__youtube_prefs__  epyt-is-override  no-lazyload\" title=\"YouTube player\"  allow=\"fullscreen; accelerometer; autoplay; clipboard-write; encrypted-media; gyroscope; picture-in-picture; web-share\" referrerpolicy=\"strict-origin-when-cross-origin\" allowfullscreen data-no-lazy=\"1\" data-skipgform_ajax_framebjll=\"\"><\/iframe>\n<\/div><\/figure>\n\n\n\n<figure class=\"wp-block-embed is-type-video is-provider-youtube wp-block-embed-youtube wp-embed-aspect-16-9 wp-has-aspect-ratio\"><div class=\"wp-block-embed__wrapper\">\n<iframe loading=\"lazy\"  id=\"_ytid_76378\"  width=\"654\" height=\"367\"  data-origwidth=\"654\" data-origheight=\"367\" src=\"https:\/\/www.youtube.com\/embed\/BehnbJVTvHE?enablejsapi=1&#038;autoplay=0&#038;cc_load_policy=0&#038;cc_lang_pref=&#038;iv_load_policy=1&#038;loop=0&#038;rel=1&#038;fs=1&#038;playsinline=0&#038;autohide=2&#038;theme=dark&#038;color=red&#038;controls=1&#038;disablekb=0&#038;\" class=\"__youtube_prefs__  epyt-is-override  no-lazyload\" title=\"YouTube player\"  allow=\"fullscreen; accelerometer; autoplay; clipboard-write; encrypted-media; gyroscope; picture-in-picture; web-share\" referrerpolicy=\"strict-origin-when-cross-origin\" allowfullscreen data-no-lazy=\"1\" data-skipgform_ajax_framebjll=\"\"><\/iframe>\n<\/div><\/figure>\n\n\n\n<figure class=\"wp-block-embed is-type-video is-provider-youtube wp-block-embed-youtube wp-embed-aspect-16-9 wp-has-aspect-ratio\"><div class=\"wp-block-embed__wrapper\">\n<iframe loading=\"lazy\"  id=\"_ytid_70696\"  width=\"654\" height=\"367\"  data-origwidth=\"654\" data-origheight=\"367\" src=\"https:\/\/www.youtube.com\/embed\/MvKqkGHUyGA?enablejsapi=1&#038;autoplay=0&#038;cc_load_policy=0&#038;cc_lang_pref=&#038;iv_load_policy=1&#038;loop=0&#038;rel=1&#038;fs=1&#038;playsinline=0&#038;autohide=2&#038;theme=dark&#038;color=red&#038;controls=1&#038;disablekb=0&#038;\" class=\"__youtube_prefs__  epyt-is-override  no-lazyload\" title=\"YouTube player\"  allow=\"fullscreen; accelerometer; autoplay; clipboard-write; encrypted-media; gyroscope; picture-in-picture; web-share\" referrerpolicy=\"strict-origin-when-cross-origin\" allowfullscreen data-no-lazy=\"1\" data-skipgform_ajax_framebjll=\"\"><\/iframe>\n<\/div><\/figure>\n\n\n<h1 class=\"main-title entry-title\"><a title=\"Enlace permanente: La ruca, comida tradicional chilena\" href=\"http:\/\/viajesazulmarino.com\/blog\/la-ruca-comida-tradicional-chilena\/\" rel=\"bookmark\">La ruca, comida tradicional chilena<\/a><\/h1>\n<figure style=\"width: 1030px\" class=\"wp-caption alignnone\"><img loading=\"lazy\" decoding=\"async\" class=\"size-full\" src=\"http:\/\/viajesazulmarino.com\/blog\/wp-content\/uploads\/Disfrutando-de-la-comida-1030x579.jpg\" width=\"1030\" height=\"579\"><figcaption class=\"wp-caption-text\">Jose Luis Angulo<br>Director Comercial de Club Marco Polo y Viajes Azul Marino<\/figcaption><\/figure>\n<p>En Chile, la palabra \u201cruca\u201d significa vivienda rural, tosca, r\u00fastica, pero tambi\u00e9n es el nombre de un restaurante situado en Rinc\u00f3n de Bucalemu, cerca de San Felipe. Para m\u00ed fue un descubrimiento y desde luego se lo recomiendo a cualquiera que viaje a Chile.<\/p>\n<p>Antes de entrar al restaurante se pasa por una peque\u00f1a estancia repleto de \u201cCondoritos\u201c, un personaje de tebeo muy popular en Chile desde hace muchos a\u00f1os. Luego se accede al restaurante que inauguro en 1.963 Don Tito Y Do\u00f1a Zarela para servir su plato estrella en aquel momento, el cerdo cocido.<\/p>\n<p>Los a\u00f1os han ido pasando, la carta ampli\u00e1ndose y actualmente la 4\u00aa generaci\u00f3n de la familia es la que se encarga de gestionar el restaurante.<\/p>\n<p>El suelo en La Ruca es de pura tierra, la decoraci\u00f3n es una mezcla de infinidad de objetos desperdigados por las paredes como si de una abigarrada tienda de antig\u00fcedades se tratara, las sillas est\u00e1n hechas de troncos de madera.&nbsp; Los platos son ricos y abundantes y tal como me explico Ricardo Figueroa, nieto de los fundadores: \u201cLo que pretendemos en este restaurante familiar es que nuestros visitantes sientan las tradiciones del campo chileno a trav\u00e9s de su gastronom\u00eda\u201d.<\/p>\n<p>Aconsejo a los que llegan hasta La Ruca que no tengan prisa en abandonar el lugar, ante la abundancia de los platos toca comer de forma reposada, disfrutar de la conversaci\u00f3n y finalmente hacerlo tambi\u00e9n en el exterior de la m\u00fasica en directo que cantan Elizabeth y Arturo.<\/p>\n<p>Antes de marcharme Ricardo me invito a su despacho y me mostro orgulloso, entre otras cosas,&nbsp; su colecci\u00f3n de maquetas de aviones. Parec\u00edamos dos ni\u00f1os disfrutando del momento. Me regalo una botella de vino, nos despedimos y le promet\u00ed volver a La Ruca en mi pr\u00f3ximo viaje a Chile.<\/p>\n<p>Por cierto, ya le he conseguido algunos aviones para su colecci\u00f3n.<\/p>\n<p>(Gracias Jose Luis, por el honor de su visita a LA RUCA Restaurante.)<\/p>\nngg_shortcode_0_placeholder","protected":false},"excerpt":{"rendered":"<p>La ruca, comida tradicional chilena En Chile, la palabra \u201cruca\u201d significa vivienda rural, tosca, r\u00fastica, pero tambi\u00e9n es el nombre de un restaurante situado en Rinc\u00f3n de Bucalemu, cerca de San Felipe. Para m\u00ed fue un descubrimiento y desde luego se lo recomiendo a cualquiera que viaje a Chile. Antes de entrar al restaurante se &hellip; <a href=\"https:\/\/laruca.cl\/2026\/reportajes\/\" class=\"more-link\">Sigue leyendo <span class=\"screen-reader-text\">Reportajes<\/span><\/a><\/p>\n","protected":false},"author":1,"featured_media":0,"parent":0,"menu_order":0,"comment_status":"closed","ping_status":"closed","template":"","meta":{"ngg_post_thumbnail":0,"footnotes":""},"class_list":["post-1222","page","type-page","status-publish","hentry"],"_links":{"self":[{"href":"https:\/\/laruca.cl\/2026\/wp-json\/wp\/v2\/pages\/1222","targetHints":{"allow":["GET"]}}],"collection":[{"href":"https:\/\/laruca.cl\/2026\/wp-json\/wp\/v2\/pages"}],"about":[{"href":"https:\/\/laruca.cl\/2026\/wp-json\/wp\/v2\/types\/page"}],"author":[{"embeddable":true,"href":"https:\/\/laruca.cl\/2026\/wp-json\/wp\/v2\/users\/1"}],"replies":[{"embeddable":true,"href":"https:\/\/laruca.cl\/2026\/wp-json\/wp\/v2\/comments?post=1222"}],"version-history":[{"count":6,"href":"https:\/\/laruca.cl\/2026\/wp-json\/wp\/v2\/pages\/1222\/revisions"}],"predecessor-version":[{"id":2331,"href":"https:\/\/laruca.cl\/2026\/wp-json\/wp\/v2\/pages\/1222\/revisions\/2331"}],"wp:attachment":[{"href":"https:\/\/laruca.cl\/2026\/wp-json\/wp\/v2\/media?parent=1222"}],"curies":[{"name":"wp","href":"https:\/\/api.w.org\/{rel}","templated":true}]}}