{"id":96,"date":"2013-01-10T01:37:09","date_gmt":"2013-01-10T01:37:09","guid":{"rendered":"http:\/\/laruca.cl\/2013\/?page_id=96"},"modified":"2024-03-30T22:41:41","modified_gmt":"2024-03-31T02:41:41","slug":"nuestra-historia","status":"publish","type":"page","link":"https:\/\/laruca.cl\/2026\/nuestra-historia\/","title":{"rendered":"NUESTRA HISTORIA"},"content":{"rendered":"<p style=\"text-align: justify;\"><a href=\"https:\/\/laruca.cl\/2023\/wp-content\/uploads\/2013\/01\/DONTITO.png\"><img loading=\"lazy\" decoding=\"async\" class=\"wp-image-106  alignleft\" style=\"margin: 6px;\" src=\"https:\/\/laruca.cl\/2023\/wp-content\/uploads\/2013\/01\/DONTITO.png\" alt=\"\" width=\"273\" height=\"301\"><\/a>La fundaci\u00f3n de \u00abLa Ruca\u00bb Restaurante, se genera alrededor de la cocina Chilena y las tradiciones folcl\u00f3ricas de Chile, en el a\u00f1o 1967, previa venia de Do\u00f1a Sarela Prado y Don Tito Figueroa, sus fundadores, que ofrec\u00edan el cerdo elaborado para llevar y desde este punto surge la inquietud de los propios clientes para que mientras esperaban sus pedidos fueran atendidos con picadas de arrollado de cerdo y chicha de la zona de Aconcagua. ademas acompa\u00f1ados del folclor interpretado por sus propios due\u00f1os.<\/p>\n<p style=\"text-align: justify;\"><img loading=\"lazy\" decoding=\"async\" class=\"alignright wp-image-108 \" src=\"https:\/\/laruca.cl\/2023\/wp-content\/uploads\/2013\/01\/HISTORIA.jpg\" alt=\"\" width=\"313\" height=\"223\">Cuando el lugar estaba apartado de la ciudad, no exist\u00eda luz el\u00e9ctrica y agua potable, el acceso era por un camino de ripio. Pese a todo aquello Do\u00f1a Sarela su fundadora, apost\u00f3 por el proyecto y lo comenz\u00f3, junto a su esposo, en el a\u00f1o 1967 donde el tema gastron\u00f3mico no era tema para los consumidores como lo es hoy.<br><br><\/p>\n\n\n<blockquote class=\"wp-block-quote is-layout-flow wp-block-quote-is-layout-flow\">\n<pre class=\"wp-block-verse\">Realmente con una visi\u00f3n que se da muy poco en el mundo empresarial, decisi\u00f3n de la cual sentimos un Gran! orgullo familiar<\/pre>\n<\/blockquote>\n\n\n<div class=\"gb-container gb-container-8d96e1ee\">\n<nav class=\"is-responsive wp-block-navigation is-layout-flex wp-block-navigation-is-layout-flex\" aria-label=\"rucamenu\" \n\t\t data-wp-interactive=\"core\/navigation\" data-wp-context='{\"overlayOpenedBy\":{\"click\":false,\"hover\":false,\"focus\":false},\"type\":\"overlay\",\"roleAttribute\":\"\",\"ariaLabel\":\"Men\\u00fa\"}'><button aria-haspopup=\"dialog\" aria-label=\"Abrir el men\u00fa\" class=\"wp-block-navigation__responsive-container-open\" \n\t\t\t\tdata-wp-on--click=\"actions.openMenuOnClick\"\n\t\t\t\tdata-wp-on--keydown=\"actions.handleMenuKeydown\"\n\t\t\t><svg width=\"24\" height=\"24\" xmlns=\"http:\/\/www.w3.org\/2000\/svg\" viewBox=\"0 0 24 24\" aria-hidden=\"true\" focusable=\"false\"><path d=\"M4 7.5h16v1.5H4z\"><\/path><path d=\"M4 15h16v1.5H4z\"><\/path><\/svg><\/button>\n\t\t\t\t<div class=\"wp-block-navigation__responsive-container\"  id=\"modal-1\" \n\t\t\t\tdata-wp-class--has-modal-open=\"state.isMenuOpen\"\n\t\t\t\tdata-wp-class--is-menu-open=\"state.isMenuOpen\"\n\t\t\t\tdata-wp-watch=\"callbacks.initMenu\"\n\t\t\t\tdata-wp-on--keydown=\"actions.handleMenuKeydown\"\n\t\t\t\tdata-wp-on--focusout=\"actions.handleMenuFocusout\"\n\t\t\t\ttabindex=\"-1\"\n\t\t\t>\n\t\t\t\t\t<div class=\"wp-block-navigation__responsive-close\" tabindex=\"-1\">\n\t\t\t\t\t\t<div class=\"wp-block-navigation__responsive-dialog\" \n\t\t\t\tdata-wp-bind--aria-modal=\"state.ariaModal\"\n\t\t\t\tdata-wp-bind--aria-label=\"state.ariaLabel\"\n\t\t\t\tdata-wp-bind--role=\"state.roleAttribute\"\n\t\t\t>\n\t\t\t\t\t\t\t<button aria-label=\"Cerrar el men\u00fa\" class=\"wp-block-navigation__responsive-container-close\" \n\t\t\t\tdata-wp-on--click=\"actions.closeMenuOnClick\"\n\t\t\t><svg xmlns=\"http:\/\/www.w3.org\/2000\/svg\" viewBox=\"0 0 24 24\" width=\"24\" height=\"24\" aria-hidden=\"true\" focusable=\"false\"><path d=\"m13.06 12 6.47-6.47-1.06-1.06L12 10.94 5.53 4.47 4.47 5.53 10.94 12l-6.47 6.47 1.06 1.06L12 13.06l6.47 6.47 1.06-1.06L13.06 12Z\"><\/path><\/svg><\/button>\n\t\t\t\t\t\t\t<div class=\"wp-block-navigation__responsive-container-content\" \n\t\t\t\tdata-wp-watch=\"callbacks.focusFirstElement\"\n\t\t\t id=\"modal-1-content\">\n\t\t\t\t\t\t\t\t<ul class=\"wp-block-navigation__container is-responsive wp-block-navigation\"><li data-wp-context=\"{ &quot;submenuOpenedBy&quot;: { &quot;click&quot;: false, &quot;hover&quot;: false, &quot;focus&quot;: false }, &quot;type&quot;: &quot;submenu&quot;, &quot;modal&quot;: null, &quot;previousFocus&quot;: null }\" data-wp-interactive=\"core\/navigation\" data-wp-on--focusout=\"actions.handleMenuFocusout\" data-wp-on--keydown=\"actions.handleMenuKeydown\" data-wp-on--mouseenter=\"actions.openMenuOnHover\" data-wp-on--mouseleave=\"actions.closeMenuOnHover\" data-wp-watch=\"callbacks.initMenu\" tabindex=\"-1\" class=\"wp-block-navigation-item has-child open-on-hover-click  menu-item menu-item-type-post_type menu-item-object-page wp-block-navigation-submenu\"><a class=\"wp-block-navigation-item__content\" href=\"https:\/\/laruca.cl\/2026\/galeria-2\/\" title=\"\"><span class=\"wp-block-navigation-item__label\">VIDEOS\/FOTOS<\/span><\/a><button data-wp-bind--aria-expanded=\"state.isMenuOpen\" data-wp-on--click=\"actions.toggleMenuOnClick\" aria-label=\"Submen\u00fa de VIDEOS\/FOTOS\" class=\"wp-block-navigation__submenu-icon wp-block-navigation-submenu__toggle\" ><svg xmlns=\"http:\/\/www.w3.org\/2000\/svg\" width=\"12\" height=\"12\" viewBox=\"0 0 12 12\" fill=\"none\" aria-hidden=\"true\" focusable=\"false\"><path d=\"M1.50002 4L6.00002 8L10.5 4\" stroke-width=\"1.5\"><\/path><\/svg><\/button><ul data-wp-on--focus=\"actions.openMenuOnFocus\" class=\"wp-block-navigation__submenu-container  menu-item menu-item-type-post_type menu-item-object-page wp-block-navigation-submenu\"><li class=\" wp-block-navigation-item  menu-item menu-item-type-post_type menu-item-object-page wp-block-navigation-link\"><a class=\"wp-block-navigation-item__content\"  href=\"https:\/\/laruca.cl\/2026\/galeria-2\/\" title=\"\"><span class=\"wp-block-navigation-item__label\">VIDEOS<\/span><\/a><\/li><li class=\" wp-block-navigation-item  menu-item menu-item-type-post_type menu-item-object-page wp-block-navigation-link\"><a class=\"wp-block-navigation-item__content\"  href=\"https:\/\/laruca.cl\/2026\/la-ruca-2013\/\" title=\"\"><span class=\"wp-block-navigation-item__label\">FOTOGRAFIAS<\/span><\/a><\/li><li class=\" wp-block-navigation-item  menu-item menu-item-type-post_type menu-item-object-page wp-block-navigation-link\"><a class=\"wp-block-navigation-item__content\"  href=\"https:\/\/laruca.cl\/2026\/visitas-famosas\/\" title=\"\"><span class=\"wp-block-navigation-item__label\">Visitas Famosas<\/span><\/a><\/li><\/ul><\/li><\/ul><ul class=\"wp-block-navigation__container is-responsive wp-block-navigation\"><li data-wp-context=\"{ &quot;submenuOpenedBy&quot;: { &quot;click&quot;: false, &quot;hover&quot;: false, &quot;focus&quot;: false }, &quot;type&quot;: &quot;submenu&quot;, &quot;modal&quot;: null, &quot;previousFocus&quot;: null }\" data-wp-interactive=\"core\/navigation\" data-wp-on--focusout=\"actions.handleMenuFocusout\" data-wp-on--keydown=\"actions.handleMenuKeydown\" data-wp-on--mouseenter=\"actions.openMenuOnHover\" data-wp-on--mouseleave=\"actions.closeMenuOnHover\" data-wp-watch=\"callbacks.initMenu\" tabindex=\"-1\" class=\"wp-block-navigation-item has-child open-on-hover-click  menu-item menu-item-type-post_type menu-item-object-page wp-block-navigation-submenu\"><a class=\"wp-block-navigation-item__content\" href=\"https:\/\/laruca.cl\/2026\/nuestra-historia\/\" title=\"\"><span class=\"wp-block-navigation-item__label\">NUESTRA HISTORIA<\/span><\/a><button data-wp-bind--aria-expanded=\"state.isMenuOpen\" data-wp-on--click=\"actions.toggleMenuOnClick\" aria-label=\"Submen\u00fa de NUESTRA HISTORIA\" class=\"wp-block-navigation__submenu-icon wp-block-navigation-submenu__toggle\" ><svg xmlns=\"http:\/\/www.w3.org\/2000\/svg\" width=\"12\" height=\"12\" viewBox=\"0 0 12 12\" fill=\"none\" aria-hidden=\"true\" focusable=\"false\"><path d=\"M1.50002 4L6.00002 8L10.5 4\" stroke-width=\"1.5\"><\/path><\/svg><\/button><ul data-wp-on--focus=\"actions.openMenuOnFocus\" class=\"wp-block-navigation__submenu-container  menu-item menu-item-type-post_type menu-item-object-page wp-block-navigation-submenu\"><li class=\" wp-block-navigation-item  menu-item menu-item-type-custom menu-item-object-custom wp-block-navigation-link\"><a class=\"wp-block-navigation-item__content\"  href=\"http:\/\/laruca.cl\/2023\/visitas-famosas\/\" title=\"\"><span class=\"wp-block-navigation-item__label\">VISITAS<\/span><\/a><\/li><li class=\" wp-block-navigation-item  menu-item menu-item-type-post_type menu-item-object-page wp-block-navigation-link\"><a class=\"wp-block-navigation-item__content\"  href=\"https:\/\/laruca.cl\/2026\/reportajes\/\" title=\"\"><span class=\"wp-block-navigation-item__label\">REPORTAJES<\/span><\/a><\/li><\/ul><\/li><li class=\" wp-block-navigation-item  menu-item menu-item-type-post_type menu-item-object-page wp-block-navigation-link\"><a class=\"wp-block-navigation-item__content\"  href=\"https:\/\/laruca.cl\/2026\/contacto\/\" title=\"\"><span class=\"wp-block-navigation-item__label\">CONTACTO<\/span><\/a><\/li><li class=\" wp-block-navigation-item  menu-item menu-item-type-custom menu-item-object-custom wp-block-navigation-link\"><a class=\"wp-block-navigation-item__content\"  href=\"https:\/\/laruca.cl\/2023\/como-llegar\" title=\"\"><span class=\"wp-block-navigation-item__label\">GOOGLE MAP<\/span><\/a><\/li><\/ul>\n\t\t\t\t\t\t\t<\/div>\n\t\t\t\t\t\t<\/div>\n\t\t\t\t\t<\/div>\n\t\t\t\t<\/div><\/nav>\n<\/div>","protected":false},"excerpt":{"rendered":"<p>La fundaci\u00f3n de \u00abLa Ruca\u00bb Restaurante, se genera alrededor de la cocina Chilena y las tradiciones folcl\u00f3ricas de Chile, en el a\u00f1o 1967, previa venia de Do\u00f1a Sarela Prado y Don Tito Figueroa, sus fundadores, que ofrec\u00edan el cerdo elaborado para llevar y desde este punto surge la inquietud de los propios clientes para que &hellip; <a href=\"https:\/\/laruca.cl\/2026\/nuestra-historia\/\" class=\"more-link\">Sigue leyendo <span class=\"screen-reader-text\">NUESTRA HISTORIA<\/span><\/a><\/p>\n","protected":false},"author":1,"featured_media":0,"parent":0,"menu_order":0,"comment_status":"closed","ping_status":"closed","template":"","meta":{"ngg_post_thumbnail":0,"footnotes":""},"class_list":["post-96","page","type-page","status-publish","hentry"],"_links":{"self":[{"href":"https:\/\/laruca.cl\/2026\/wp-json\/wp\/v2\/pages\/96","targetHints":{"allow":["GET"]}}],"collection":[{"href":"https:\/\/laruca.cl\/2026\/wp-json\/wp\/v2\/pages"}],"about":[{"href":"https:\/\/laruca.cl\/2026\/wp-json\/wp\/v2\/types\/page"}],"author":[{"embeddable":true,"href":"https:\/\/laruca.cl\/2026\/wp-json\/wp\/v2\/users\/1"}],"replies":[{"embeddable":true,"href":"https:\/\/laruca.cl\/2026\/wp-json\/wp\/v2\/comments?post=96"}],"version-history":[{"count":25,"href":"https:\/\/laruca.cl\/2026\/wp-json\/wp\/v2\/pages\/96\/revisions"}],"predecessor-version":[{"id":2505,"href":"https:\/\/laruca.cl\/2026\/wp-json\/wp\/v2\/pages\/96\/revisions\/2505"}],"wp:attachment":[{"href":"https:\/\/laruca.cl\/2026\/wp-json\/wp\/v2\/media?parent=96"}],"curies":[{"name":"wp","href":"https:\/\/api.w.org\/{rel}","templated":true}]}}